{"id":189,"date":"2019-02-19T07:30:24","date_gmt":"2019-02-19T07:30:24","guid":{"rendered":"https:\/\/pelimanni.net\/heikkilahti\/?page_id=189"},"modified":"2019-07-03T19:57:39","modified_gmt":"2019-07-03T19:57:39","slug":"heikin-pelimannimandolinismi","status":"publish","type":"page","link":"https:\/\/pelimanni.net\/heikkilahti\/heikin-pelimannimandolinismi\/","title":{"rendered":"Heikin pelimannimandolinismi"},"content":{"rendered":"\n<blockquote class=\"wp-block-quote is-layout-flow wp-block-quote-is-layout-flow\"><p> &#8221;Minulla kun ei ollut ket\u00e4\u00e4n mandoliininsoittajaesikuvaa niin t\u00e4m\u00e4 tyyli on kehittynyt pikkuhiljaa itse soitellessa. Harjoitellessa sen huomaa kuinka pienet jutut vaikuttavat soittoon: vapaat kielet, nyanssit, plektran kulmat, n\u00e4p\u00e4ysten paikka jne.&#8221; <\/p><\/blockquote>\n\n\n\n<p><a rel=\"noreferrer noopener\" aria-label=\"Soittotekniikka (avautuu uudessa v\u00e4lilehdess\u00e4)\" href=\"https:\/\/pelimanni.net\/heikkilahti\/soittotekniikka\/\" target=\"_blank\">Soittotekniikka<\/a><br><a rel=\"noreferrer noopener\" aria-label=\"Soittotekniikka (avautuu uudessa v\u00e4lilehdess\u00e4)\" href=\"https:\/\/pelimanni.net\/heikkilahti\/soittoasento\/\" target=\"_blank\">Soittoasento<\/a><br><a rel=\"noreferrer noopener\" aria-label=\"Komppaus (avautuu uudessa v\u00e4lilehdess\u00e4)\" href=\"https:\/\/pelimanni.net\/heikkilahti\/mandoliinilla-komppaus\/\" target=\"_blank\">Komppaus<\/a><br><a rel=\"noreferrer noopener\" aria-label=\"Harjoittelu (avautuu uudessa v\u00e4lilehdess\u00e4)\" href=\"https:\/\/pelimanni.net\/heikkilahti\/harjoittelu\/\" target=\"_blank\">Harjoittelu<\/a><br><a rel=\"noreferrer noopener\" aria-label=\"Soittimet (avautuu uudessa v\u00e4lilehdess\u00e4)\" href=\"https:\/\/pelimanni.net\/heikkilahti\/soittimet\/\" target=\"_blank\">Soittimet<\/a><\/p>\n\n\n\n<p>Esimerkit:<br><a rel=\"noreferrer noopener\" aria-label=\"DDT-polkka (avautuu uudessa v\u00e4lilehdess\u00e4)\" href=\"https:\/\/pelimanni.net\/heikkilahti\/ddt-polkka\/\" target=\"_blank\">DDT-polkka<\/a><br><a rel=\"noreferrer noopener\" aria-label=\"Mutkankiver\u00e4 (avautuu uudessa v\u00e4lilehdess\u00e4)\" href=\"https:\/\/pelimanni.net\/heikkilahti\/mutkankivera\/\" target=\"_blank\">Mutkankiver\u00e4<\/a><br><a rel=\"noreferrer noopener\" aria-label=\"Hummorin polkka (avautuu uudessa v\u00e4lilehdess\u00e4)\" href=\"https:\/\/pelimanni.net\/heikkilahti\/hummerin-polkka\/\" target=\"_blank\">Hummorin polkka<\/a><br><a rel=\"noreferrer noopener\" aria-label=\"\u00c4l\u00e4 j\u00e4t\u00e4 (avautuu uudessa v\u00e4lilehdess\u00e4)\" href=\"https:\/\/pelimanni.net\/heikkilahti\/ala-jata\/\" target=\"_blank\">\u00c4l\u00e4 j\u00e4t\u00e4<\/a><\/p>\n\n\n\n<p>Opinn\u00e4ytety\u00f6: <a href=\"http:\/\/www.pelimanni.net\/heikkilahti\/HeikkiLahti.pdf\" target=\"_blank\" rel=\"noreferrer noopener\" aria-label=\"Mandoliini suomalaisessa pelimannimusiikissa - Heikki Lahden pelimannimandolinismi (avautuu uudessa v\u00e4lilehdess\u00e4)\">Mandoliini suomalaisessa pelimannimusiikissa &#8211; Heikki Lahden pelimannimandolinismi<\/a><\/p>\n\n\n\n<p><\/p>\n\n\n\n<p><\/p>\n","protected":false},"excerpt":{"rendered":"<p>&#8221;Minulla kun ei ollut ket\u00e4\u00e4n mandoliininsoittajaesikuvaa niin t\u00e4m\u00e4 tyyli on kehittynyt pikkuhiljaa itse soitellessa. Harjoitellessa sen huomaa kuinka pienet jutut vaikuttavat soittoon: vapaat kielet, nyanssit, plektran kulmat, n\u00e4p\u00e4ysten paikka jne.&#8221; SoittotekniikkaSoittoasentoKomppausHarjoitteluSoittimet Esimerkit:DDT-polkkaMutkankiver\u00e4Hummorin polkka\u00c4l\u00e4 j\u00e4t\u00e4 Opinn\u00e4ytety\u00f6: Mandoliini suomalaisessa pelimannimusiikissa &#8211; Heikki Lahden pelimannimandolinismi<\/p>\n","protected":false},"author":1,"featured_media":0,"parent":0,"menu_order":0,"comment_status":"closed","ping_status":"closed","template":"","meta":{"footnotes":""},"class_list":["post-189","page","type-page","status-publish","hentry"],"_links":{"self":[{"href":"https:\/\/pelimanni.net\/heikkilahti\/wp-json\/wp\/v2\/pages\/189","targetHints":{"allow":["GET"]}}],"collection":[{"href":"https:\/\/pelimanni.net\/heikkilahti\/wp-json\/wp\/v2\/pages"}],"about":[{"href":"https:\/\/pelimanni.net\/heikkilahti\/wp-json\/wp\/v2\/types\/page"}],"author":[{"embeddable":true,"href":"https:\/\/pelimanni.net\/heikkilahti\/wp-json\/wp\/v2\/users\/1"}],"replies":[{"embeddable":true,"href":"https:\/\/pelimanni.net\/heikkilahti\/wp-json\/wp\/v2\/comments?post=189"}],"version-history":[{"count":12,"href":"https:\/\/pelimanni.net\/heikkilahti\/wp-json\/wp\/v2\/pages\/189\/revisions"}],"predecessor-version":[{"id":483,"href":"https:\/\/pelimanni.net\/heikkilahti\/wp-json\/wp\/v2\/pages\/189\/revisions\/483"}],"wp:attachment":[{"href":"https:\/\/pelimanni.net\/heikkilahti\/wp-json\/wp\/v2\/media?parent=189"}],"curies":[{"name":"wp","href":"https:\/\/api.w.org\/{rel}","templated":true}]}}