{"id":234,"date":"2019-02-19T09:20:49","date_gmt":"2019-02-19T09:20:49","guid":{"rendered":"https:\/\/pelimanni.net\/heikkilahti\/?page_id=234"},"modified":"2019-02-20T16:37:38","modified_gmt":"2019-02-20T16:37:38","slug":"mutkankivera","status":"publish","type":"page","link":"https:\/\/pelimanni.net\/heikkilahti\/mutkankivera\/","title":{"rendered":"Mutkankiver\u00e4"},"content":{"rendered":"\n<p class=\"has-drop-cap\">Mutkankiver\u00e4 on kortesj\u00e4rvel\u00e4isen viulupelimannin Matti Haudanmaan soittama polkka. Polkka kulkee 2\/4-tahtilajissa ja saattaa olla viulistien ja my\u00f6s mandoliinistien hankala soittaa, koska melodia kulkee eritt\u00e4in korkealle, jopa korkeaan e3-s\u00e4veleen. T\u00e4m\u00e4n vuoksi soittajan vasemman k\u00e4den t\u00e4ytyy siirty\u00e4 soittamaan nelj\u00e4nnest\u00e4 asemasta, jolla etusormi painaa kielt\u00e4 seitsem\u00e4nnest\u00e4 v\u00e4list\u00e4.<\/p>\n\n\n\n<figure class=\"wp-block-embed-youtube wp-block-embed is-type-video is-provider-youtube wp-embed-aspect-16-9 wp-has-aspect-ratio\"><div class=\"wp-block-embed__wrapper\">\n<iframe loading=\"lazy\" title=\"Mestarisoitto: Heikki Lahti Mutkankiver\u00e4\" width=\"840\" height=\"473\" src=\"https:\/\/www.youtube.com\/embed\/ByT47V6WKZk?feature=oembed\" frameborder=\"0\" allow=\"accelerometer; autoplay; clipboard-write; encrypted-media; gyroscope; picture-in-picture\" allowfullscreen><\/iframe>\n<\/div><figcaption> Mestaripelimanni Kaustisen Mestarisoitossa 14.7.2016 <\/figcaption><\/figure>\n\n\n\n<div class=\"wp-block-file\"><a href=\"https:\/\/pelimanni.net\/heikkilahti\/wp-content\/uploads\/2019\/02\/Mutkankivara.pdf\">Koko nuotinnos: Mutkankiver\u00e4<\/a><a href=\"https:\/\/pelimanni.net\/heikkilahti\/wp-content\/uploads\/2019\/02\/Mutkankivara.pdf\" class=\"wp-block-file__button\" download>Lataa<\/a><\/div>\n\n\n\n<figure class=\"wp-block-image\"><img loading=\"lazy\" decoding=\"async\" width=\"980\" height=\"537\" src=\"https:\/\/pelimanni.net\/heikkilahti\/wp-content\/uploads\/2019\/02\/Mutkankivera1.jpg\" alt=\"\" class=\"wp-image-235\" srcset=\"https:\/\/pelimanni.net\/heikkilahti\/wp-content\/uploads\/2019\/02\/Mutkankivera1.jpg 980w, https:\/\/pelimanni.net\/heikkilahti\/wp-content\/uploads\/2019\/02\/Mutkankivera1-300x164.jpg 300w, https:\/\/pelimanni.net\/heikkilahti\/wp-content\/uploads\/2019\/02\/Mutkankivera1-768x421.jpg 768w\" sizes=\"auto, (max-width: 709px) 85vw, (max-width: 909px) 67vw, (max-width: 1362px) 62vw, 840px\" \/><\/figure>\n\n\n\n<p>Nuottiin on havainnollistettu vasemman k\u00e4den aseman vaihto k\u00e4ytt\u00e4m\u00e4ll\u00e4 hyv\u00e4ksi mandoliinin tabulatuuria. Siit\u00e4 voidaan havaita tahdissa 12 tapahtuva asemanvaihto.<br>Tahdissa 19 on my\u00f6s \u2013H-merkinn\u00e4ll\u00e4 ilmaistu Hammer on-isku.<\/p>\n\n\n\n<figure class=\"wp-block-image\"><img loading=\"lazy\" decoding=\"async\" width=\"997\" height=\"659\" src=\"https:\/\/pelimanni.net\/heikkilahti\/wp-content\/uploads\/2019\/02\/Mutkankivera2.jpg\" alt=\"\" class=\"wp-image-236\" srcset=\"https:\/\/pelimanni.net\/heikkilahti\/wp-content\/uploads\/2019\/02\/Mutkankivera2.jpg 997w, https:\/\/pelimanni.net\/heikkilahti\/wp-content\/uploads\/2019\/02\/Mutkankivera2-300x198.jpg 300w, https:\/\/pelimanni.net\/heikkilahti\/wp-content\/uploads\/2019\/02\/Mutkankivera2-768x508.jpg 768w\" sizes=\"auto, (max-width: 709px) 85vw, (max-width: 909px) 67vw, (max-width: 1362px) 62vw, 840px\" \/><\/figure>\n","protected":false},"excerpt":{"rendered":"<p>Mutkankiver\u00e4 on kortesj\u00e4rvel\u00e4isen viulupelimannin Matti Haudanmaan soittama polkka. Polkka kulkee 2\/4-tahtilajissa ja saattaa olla viulistien ja my\u00f6s mandoliinistien hankala soittaa, koska melodia kulkee eritt\u00e4in korkealle, jopa korkeaan e3-s\u00e4veleen. T\u00e4m\u00e4n vuoksi soittajan vasemman k\u00e4den t\u00e4ytyy siirty\u00e4 soittamaan nelj\u00e4nnest\u00e4 asemasta, jolla etusormi painaa kielt\u00e4 seitsem\u00e4nnest\u00e4 v\u00e4list\u00e4. Nuottiin on havainnollistettu vasemman k\u00e4den aseman vaihto k\u00e4ytt\u00e4m\u00e4ll\u00e4 hyv\u00e4ksi mandoliinin tabulatuuria. &hellip; <a href=\"https:\/\/pelimanni.net\/heikkilahti\/mutkankivera\/\" class=\"more-link\">Jatka lukemista<span class=\"screen-reader-text\"> &#8221;Mutkankiver\u00e4&#8221;<\/span><\/a><\/p>\n","protected":false},"author":1,"featured_media":0,"parent":0,"menu_order":0,"comment_status":"closed","ping_status":"closed","template":"","meta":{"footnotes":""},"class_list":["post-234","page","type-page","status-publish","hentry"],"_links":{"self":[{"href":"https:\/\/pelimanni.net\/heikkilahti\/wp-json\/wp\/v2\/pages\/234","targetHints":{"allow":["GET"]}}],"collection":[{"href":"https:\/\/pelimanni.net\/heikkilahti\/wp-json\/wp\/v2\/pages"}],"about":[{"href":"https:\/\/pelimanni.net\/heikkilahti\/wp-json\/wp\/v2\/types\/page"}],"author":[{"embeddable":true,"href":"https:\/\/pelimanni.net\/heikkilahti\/wp-json\/wp\/v2\/users\/1"}],"replies":[{"embeddable":true,"href":"https:\/\/pelimanni.net\/heikkilahti\/wp-json\/wp\/v2\/comments?post=234"}],"version-history":[{"count":4,"href":"https:\/\/pelimanni.net\/heikkilahti\/wp-json\/wp\/v2\/pages\/234\/revisions"}],"predecessor-version":[{"id":383,"href":"https:\/\/pelimanni.net\/heikkilahti\/wp-json\/wp\/v2\/pages\/234\/revisions\/383"}],"wp:attachment":[{"href":"https:\/\/pelimanni.net\/heikkilahti\/wp-json\/wp\/v2\/media?parent=234"}],"curies":[{"name":"wp","href":"https:\/\/api.w.org\/{rel}","templated":true}]}}