{"id":250,"date":"2019-02-19T10:53:03","date_gmt":"2019-02-19T10:53:03","guid":{"rendered":"https:\/\/pelimanni.net\/heikkilahti\/?page_id=250"},"modified":"2019-02-20T16:36:35","modified_gmt":"2019-02-20T16:36:35","slug":"hummerin-polkka","status":"publish","type":"page","link":"https:\/\/pelimanni.net\/heikkilahti\/hummerin-polkka\/","title":{"rendered":"Hummerin polkka"},"content":{"rendered":"\n<p class=\"has-drop-cap\">Otto Hotakaisen s\u00e4velt\u00e4m\u00e4n Hummerin polkka -esimerkiss\u00e4 huomataan sek\u00e4 rytmisesti ett\u00e4 melodisesti tapahtunut muuntelua, kun sit\u00e4 verrataan Mandoliinimestari-levyn versioon. T\u00e4ss\u00e4 esimerkiss\u00e4 tulee ehk\u00e4 parhaiten esiin Heikin melodian rytminen k\u00e4sittely. Tallenne on konserttitaltiointi  O\u2019rives Folk Music Festival -tapahtumasta vuodelta 2012. Siin\u00e4 tulee hyvin esiin soittajan rytminen muuntelutaito.  <\/p>\n\n\n\n<figure class=\"wp-block-embed-youtube wp-block-embed is-type-video is-provider-youtube wp-embed-aspect-16-9 wp-has-aspect-ratio\"><div class=\"wp-block-embed__wrapper\">\n<iframe loading=\"lazy\" title=\"Heikki Lahti yst\u00e4vineen: Hummerin polkka\" width=\"840\" height=\"630\" src=\"https:\/\/www.youtube.com\/embed\/Amkk231_usg?feature=oembed\" frameborder=\"0\" allow=\"accelerometer; autoplay; clipboard-write; encrypted-media; gyroscope; picture-in-picture\" allowfullscreen><\/iframe>\n<\/div><\/figure>\n\n\n\n<div class=\"wp-block-file\"><a href=\"https:\/\/pelimanni.net\/heikkilahti\/wp-content\/uploads\/2019\/02\/Hummerin-polkka.pdf\">Koko nuotinnos: Hummerin polkka<\/a><a href=\"https:\/\/pelimanni.net\/heikkilahti\/wp-content\/uploads\/2019\/02\/Hummerin-polkka.pdf\" class=\"wp-block-file__button\" download>Lataa<\/a><\/div>\n\n\n\n<p>Soitto alkaa nelj\u00e4n tahdin vapaalla E-kielell\u00e4 soitetulla tremololla, jonka aikana kitaristi ja basisti kiirehtiv\u00e4t aloittamaan soittamisen liian aikaisin. Polkka alkaa varsinaisesti tahdista nelj\u00e4, ja t\u00e4ss\u00e4 vaiheessa my\u00f6s s\u00e4est\u00e4v\u00e4t soittimet; haitari, kitara ja basso ovat mukana oikeassa rytmiss\u00e4. <br><\/p>\n\n\n\n<p>Nuottikuvaan on kirjoitettu ylemm\u00e4lle riville Mestaripelimanni-levylt\u00e4 nuotinnettu esitys ja alemmalla rivill\u00e4 on vuoden 2012 konserttitallenteen nuotinnos. Varsinaisessa polkan melodiassa ei juurikaan ole eroja eri tallenteiden v\u00e4lill\u00e4, mutta melodian rytmityksess\u00e4 on huomattavissa muuntelua levytyksen ja konserttiversion v\u00e4lill\u00e4. Konsertissa Lahti ik\u00e4\u00e4n kuin p\u00e4\u00e4st\u00e4\u00e4 itsens\u00e4 irti, ja tekee rytmisi\u00e4 muunnelmia melodiakulkuihin.<\/p>\n\n\n\n<p><br><\/p>\n\n\n\n<figure class=\"wp-block-image\"><img loading=\"lazy\" decoding=\"async\" width=\"990\" height=\"765\" src=\"https:\/\/pelimanni.net\/heikkilahti\/wp-content\/uploads\/2019\/02\/hummeri1.jpg\" alt=\"\" class=\"wp-image-251\" srcset=\"https:\/\/pelimanni.net\/heikkilahti\/wp-content\/uploads\/2019\/02\/hummeri1.jpg 990w, https:\/\/pelimanni.net\/heikkilahti\/wp-content\/uploads\/2019\/02\/hummeri1-300x232.jpg 300w, https:\/\/pelimanni.net\/heikkilahti\/wp-content\/uploads\/2019\/02\/hummeri1-768x593.jpg 768w\" sizes=\"auto, (max-width: 709px) 85vw, (max-width: 909px) 67vw, (max-width: 1362px) 62vw, 840px\" \/><\/figure>\n\n\n\n<p>Parhaiten rytminen muuntelu havaitaan usein toistuvan ensimm\u00e4isen rytmin (nuotit 5 ja 6) melodia-aiheen muunteluissa vuoden 2012 tallenteella. T\u00e4m\u00e4n kaltaisia rytmillisi\u00e4 seikkoja on nopeassa polkassa vaikea havaita, mutta ne antavat soittoon sen omanlaatuisen poljennon ja tyylin.<\/p>\n\n\n\n<figure class=\"wp-block-image\"><img loading=\"lazy\" decoding=\"async\" width=\"992\" height=\"465\" src=\"https:\/\/pelimanni.net\/heikkilahti\/wp-content\/uploads\/2019\/02\/hummeri2.jpg\" alt=\"\" class=\"wp-image-252\" srcset=\"https:\/\/pelimanni.net\/heikkilahti\/wp-content\/uploads\/2019\/02\/hummeri2.jpg 992w, https:\/\/pelimanni.net\/heikkilahti\/wp-content\/uploads\/2019\/02\/hummeri2-300x141.jpg 300w, https:\/\/pelimanni.net\/heikkilahti\/wp-content\/uploads\/2019\/02\/hummeri2-768x360.jpg 768w\" sizes=\"auto, (max-width: 709px) 85vw, (max-width: 909px) 67vw, (max-width: 1362px) 62vw, 840px\" \/><\/figure>\n\n\n\n<p>Nuottikuvassa (nuotti 7) n\u00e4kyy my\u00f6s tahdeissa 15 ja 19 Heikin paljon k\u00e4ytt\u00e4mi\u00e4 nuottien sammutuksia, jotka tehostavat polkan rytmi\u00e4 ja joiden paikka voi esiintymistilanteessa vaihdella. Yleens\u00e4 ne sijoittuvat 1\/8-nuottien kohdille, mutta joskus niit\u00e4 voi esiinty\u00e4 my\u00f6s 1\/16-nuottien tai jopa 1\/32-nuottien kohdilla, kuten tahdeissa 30 ja 31 (nuotti 8). Vapaiden kielten sammutus tapahtuu vasemmank\u00e4den nimett\u00f6m\u00e4ll\u00e4 tai pikkusormella.<\/p>\n\n\n\n<figure class=\"wp-block-image\"><img loading=\"lazy\" decoding=\"async\" width=\"1013\" height=\"587\" src=\"https:\/\/pelimanni.net\/heikkilahti\/wp-content\/uploads\/2019\/02\/hummeri3.jpg\" alt=\"\" class=\"wp-image-253\" srcset=\"https:\/\/pelimanni.net\/heikkilahti\/wp-content\/uploads\/2019\/02\/hummeri3.jpg 1013w, https:\/\/pelimanni.net\/heikkilahti\/wp-content\/uploads\/2019\/02\/hummeri3-300x174.jpg 300w, https:\/\/pelimanni.net\/heikkilahti\/wp-content\/uploads\/2019\/02\/hummeri3-768x445.jpg 768w\" sizes=\"auto, (max-width: 709px) 85vw, (max-width: 909px) 67vw, (max-width: 1362px) 62vw, 840px\" \/><\/figure>\n\n\n\n<p>Heikille tyypillinen glissando on havaittavissa vuoden 2012 tallenteen tahdissa 30 (nuotti 8). Yleens\u00e4 Heikin glissando on yl\u00f6sp\u00e4in suuntautuva koko- tai puolis\u00e4velaskeleen pituinen. Joissakin tapauksissa se voi olla my\u00f6s pitempi.<\/p>\n\n\n\n<figure class=\"wp-block-image\"><img loading=\"lazy\" decoding=\"async\" width=\"996\" height=\"331\" src=\"https:\/\/pelimanni.net\/heikkilahti\/wp-content\/uploads\/2019\/02\/hummeri4-1.jpg\" alt=\"\" class=\"wp-image-255\" srcset=\"https:\/\/pelimanni.net\/heikkilahti\/wp-content\/uploads\/2019\/02\/hummeri4-1.jpg 996w, https:\/\/pelimanni.net\/heikkilahti\/wp-content\/uploads\/2019\/02\/hummeri4-1-300x100.jpg 300w, https:\/\/pelimanni.net\/heikkilahti\/wp-content\/uploads\/2019\/02\/hummeri4-1-768x255.jpg 768w\" sizes=\"auto, (max-width: 709px) 85vw, (max-width: 909px) 67vw, (max-width: 1362px) 62vw, 840px\" \/><\/figure>\n","protected":false},"excerpt":{"rendered":"<p>Otto Hotakaisen s\u00e4velt\u00e4m\u00e4n Hummerin polkka -esimerkiss\u00e4 huomataan sek\u00e4 rytmisesti ett\u00e4 melodisesti tapahtunut muuntelua, kun sit\u00e4 verrataan Mandoliinimestari-levyn versioon. T\u00e4ss\u00e4 esimerkiss\u00e4 tulee ehk\u00e4 parhaiten esiin Heikin melodian rytminen k\u00e4sittely. Tallenne on konserttitaltiointi O\u2019rives Folk Music Festival -tapahtumasta vuodelta 2012. Siin\u00e4 tulee hyvin esiin soittajan rytminen muuntelutaito. Soitto alkaa nelj\u00e4n tahdin vapaalla E-kielell\u00e4 soitetulla tremololla, jonka aikana &hellip; <a href=\"https:\/\/pelimanni.net\/heikkilahti\/hummerin-polkka\/\" class=\"more-link\">Jatka lukemista<span class=\"screen-reader-text\"> &#8221;Hummerin polkka&#8221;<\/span><\/a><\/p>\n","protected":false},"author":1,"featured_media":0,"parent":0,"menu_order":0,"comment_status":"closed","ping_status":"closed","template":"","meta":{"footnotes":""},"class_list":["post-250","page","type-page","status-publish","hentry"],"_links":{"self":[{"href":"https:\/\/pelimanni.net\/heikkilahti\/wp-json\/wp\/v2\/pages\/250","targetHints":{"allow":["GET"]}}],"collection":[{"href":"https:\/\/pelimanni.net\/heikkilahti\/wp-json\/wp\/v2\/pages"}],"about":[{"href":"https:\/\/pelimanni.net\/heikkilahti\/wp-json\/wp\/v2\/types\/page"}],"author":[{"embeddable":true,"href":"https:\/\/pelimanni.net\/heikkilahti\/wp-json\/wp\/v2\/users\/1"}],"replies":[{"embeddable":true,"href":"https:\/\/pelimanni.net\/heikkilahti\/wp-json\/wp\/v2\/comments?post=250"}],"version-history":[{"count":3,"href":"https:\/\/pelimanni.net\/heikkilahti\/wp-json\/wp\/v2\/pages\/250\/revisions"}],"predecessor-version":[{"id":381,"href":"https:\/\/pelimanni.net\/heikkilahti\/wp-json\/wp\/v2\/pages\/250\/revisions\/381"}],"wp:attachment":[{"href":"https:\/\/pelimanni.net\/heikkilahti\/wp-json\/wp\/v2\/media?parent=250"}],"curies":[{"name":"wp","href":"https:\/\/api.w.org\/{rel}","templated":true}]}}