{"id":264,"date":"2019-02-19T12:05:56","date_gmt":"2019-02-19T12:05:56","guid":{"rendered":"https:\/\/pelimanni.net\/heikkilahti\/?page_id=264"},"modified":"2019-02-20T16:33:54","modified_gmt":"2019-02-20T16:33:54","slug":"ala-jata","status":"publish","type":"page","link":"https:\/\/pelimanni.net\/heikkilahti\/ala-jata\/","title":{"rendered":"\u00c4l\u00e4 j\u00e4t\u00e4"},"content":{"rendered":"\n<p class=\"has-drop-cap\">\u00c4l\u00e4 j\u00e4t\u00e4 -valssi on Heikki Lahden ensimm\u00e4inen mandoliinilla is\u00e4lt\u00e4\u00e4n oppima kapale. Vuonna 1989 Osmo Oja-Kaukolan kuvaamassa videossa Heikki soittaa \u00c4l\u00e4 j\u00e4t\u00e4 -valssin ven\u00e4l\u00e4isell\u00e4 mandoliinilla yksin. T\u00e4m\u00e4 on ensimm\u00e4inen k\u00e4siini saama Heikilt\u00e4 taltioitu versio kyseisest\u00e4 valssista.<br><\/p>\n\n\n\n<figure class=\"wp-block-embed-youtube wp-block-embed is-type-video is-provider-youtube wp-embed-aspect-4-3 wp-has-aspect-ratio\"><div class=\"wp-block-embed__wrapper\">\n<iframe loading=\"lazy\" title=\"Heikki Lahti: \u00c4l\u00e4 j\u00e4t\u00e4 1989\" width=\"840\" height=\"473\" src=\"https:\/\/www.youtube.com\/embed\/LSmNAVExG_I?feature=oembed\" frameborder=\"0\" allow=\"accelerometer; autoplay; clipboard-write; encrypted-media; gyroscope; picture-in-picture\" allowfullscreen><\/iframe>\n<\/div><figcaption>Isojoen Speleiss\u00e4 1989. Kuvaus: Osmo Oja-Kaukola<\/figcaption><\/figure>\n\n\n\n<div class=\"wp-block-file\"><a href=\"https:\/\/pelimanni.net\/heikkilahti\/wp-content\/uploads\/2019\/02\/\u00c4l\u00e4-j\u00e4t\u00e4-1989.pdf\">Koko nuotinnos: \u00c4l\u00e4 j\u00e4t\u00e4 1989<\/a><a href=\"https:\/\/pelimanni.net\/heikkilahti\/wp-content\/uploads\/2019\/02\/\u00c4l\u00e4-j\u00e4t\u00e4-1989.pdf\" class=\"wp-block-file__button\" download>Lataa<\/a><\/div>\n\n\n\n<figure class=\"wp-block-image\"><img loading=\"lazy\" decoding=\"async\" width=\"1024\" height=\"506\" src=\"https:\/\/pelimanni.net\/heikkilahti\/wp-content\/uploads\/2019\/02\/\u00c4j\u00e4_jata1-1024x506.jpg\" alt=\"\" class=\"wp-image-283\" srcset=\"https:\/\/pelimanni.net\/heikkilahti\/wp-content\/uploads\/2019\/02\/\u00c4j\u00e4_jata1-1024x506.jpg 1024w, https:\/\/pelimanni.net\/heikkilahti\/wp-content\/uploads\/2019\/02\/\u00c4j\u00e4_jata1-300x148.jpg 300w, https:\/\/pelimanni.net\/heikkilahti\/wp-content\/uploads\/2019\/02\/\u00c4j\u00e4_jata1-768x379.jpg 768w, https:\/\/pelimanni.net\/heikkilahti\/wp-content\/uploads\/2019\/02\/\u00c4j\u00e4_jata1.jpg 1103w\" sizes=\"auto, (max-width: 709px) 85vw, (max-width: 909px) 67vw, (max-width: 1362px) 62vw, 840px\" \/><\/figure>\n\n\n\n<p>Valssi alkaa (nuotti 11) molemmissa esityksiss\u00e4 rubatomaisesti, jolloin rytmi muuttuu useaan kertaan. Soittaja ik\u00e4\u00e4n kuin kiirehtii joissakin kohdissa ja toisaalta venytt\u00e4\u00e4 joitakin osia. <\/p>\n\n\n\n<p>Mandoliinimestari-levyll\u00e4 Heikki soittaa intron tarkasti \u00be-rytmiss\u00e4, mutta vuoden 1989 tallenteessa, samoin kuin vuoden 2012 esityksess\u00e4, h\u00e4n muuntelee rytmi\u00e4 varsin vapaasti.<\/p>\n\n\n\n<figure class=\"wp-block-embed-youtube wp-block-embed is-type-video is-provider-youtube wp-embed-aspect-4-3 wp-has-aspect-ratio\"><div class=\"wp-block-embed__wrapper\">\n<iframe loading=\"lazy\" title=\"Heikki Lahti: \u00c4l\u00e4 j\u00e4t\u00e4\" width=\"840\" height=\"473\" src=\"https:\/\/www.youtube.com\/embed\/PQAzktvSRrk?feature=oembed\" frameborder=\"0\" allow=\"accelerometer; autoplay; clipboard-write; encrypted-media; gyroscope; picture-in-picture\" allowfullscreen><\/iframe>\n<\/div><\/figure>\n\n\n\n<div class=\"wp-block-file\"><a href=\"https:\/\/pelimanni.net\/heikkilahti\/wp-content\/uploads\/2019\/02\/\u00c4l\u00e4-j\u00e4ta-2012.pdf\">Koko nuotinnos: \u00c4l\u00e4 j\u00e4t\u00e4 2012<\/a><a href=\"https:\/\/pelimanni.net\/heikkilahti\/wp-content\/uploads\/2019\/02\/\u00c4l\u00e4-j\u00e4ta-2012.pdf\" class=\"wp-block-file__button\" download>Lataa<\/a><\/div>\n\n\n\n<p>Ominaista  molemmissa  esityksiss\u00e4  on  tremolon  muuttuminen  v\u00e4lill\u00e4  trioli-rytmiseksi  ja  v\u00e4lill\u00e4  nopeammaksi  tasajakoiseksi.  Pitkien  tremoloiden  aikana my\u00f6s voimakkuus vaihtelee usein niin, ett\u00e4 tremolo voimistuu alusta ja hiljentyy loppua kohti. Samalla tapahtuu my\u00f6s tremolon tiheydess\u00e4 nopeutumista ja hi-dastumista.   <\/p>\n\n\n\n<p>Vuoden 1989 esityksen puolessa v\u00e4liss\u00e4 esityst\u00e4 alkaa yleis\u00f6n h\u00e4lin\u00e4 ilmiselv\u00e4sti h\u00e4irit\u00e4 soittoa. T\u00e4m\u00e4n voi havaita h\u00e4nen erityisen keskittyneest\u00e4 ilmeest\u00e4\u00e4n, kun h\u00e4n soittaa silm\u00e4t suljettuina. Yleis\u00f6st\u00e4 kuuluvien \u201dsssh\u201d-kehoitusten j\u00e4lkeen soitto kuuluu paremmin juuri ennen eritt\u00e4in hiljaa soitettavaa loppua. Vuoden 2013 tallenteessa h\u00e4nt\u00e4 s\u00e4est\u00e4\u00e4 haitarilla Katja Lampinen. Molemmis-sa  tallenteissa  kappale  alkaa  t\u00e4ysin  samalla  tavalla  rubatomaisesti.  Mandoliinimestari-levyll\u00e4 intron rubatto on selv\u00e4sti erilainen ja enemm\u00e4n melodiaa noudattava, eik\u00e4 siin\u00e4 esiinny suuria rytmisi\u00e4 vaihteluita.  Molemmissa tallenteissa Lahti soittaa koko kappaleen ensimm\u00e4isest\u00e4 asemasta.  Vuoden  2013  esityksess\u00e4  on  enemm\u00e4n  vaihtelua  nyansseissa.  Plektran n\u00e4pp\u00e4yskohta vaihtelee v\u00e4lill\u00e4 <em><strong>sul  tasto<\/strong><\/em>&#8211; ja <em><strong>sul  ponticello<\/strong><\/em>-paikkoihin. Vanhemmassa tallenteessa plektra pysyy jokseenkin samassa paikassa.<\/p>\n\n\n\n<figure class=\"wp-block-image\"><img loading=\"lazy\" decoding=\"async\" width=\"1024\" height=\"636\" src=\"https:\/\/pelimanni.net\/heikkilahti\/wp-content\/uploads\/2019\/02\/\u00c4j\u00e4_jata2-1024x636.jpg\" alt=\"\" class=\"wp-image-284\" srcset=\"https:\/\/pelimanni.net\/heikkilahti\/wp-content\/uploads\/2019\/02\/\u00c4j\u00e4_jata2-1024x636.jpg 1024w, https:\/\/pelimanni.net\/heikkilahti\/wp-content\/uploads\/2019\/02\/\u00c4j\u00e4_jata2-300x186.jpg 300w, https:\/\/pelimanni.net\/heikkilahti\/wp-content\/uploads\/2019\/02\/\u00c4j\u00e4_jata2-768x477.jpg 768w, https:\/\/pelimanni.net\/heikkilahti\/wp-content\/uploads\/2019\/02\/\u00c4j\u00e4_jata2.jpg 1064w\" sizes=\"auto, (max-width: 709px) 85vw, (max-width: 909px) 67vw, (max-width: 1362px) 62vw, 840px\" \/><\/figure>\n\n\n\n<p>Vuoden 2013 esityksen herkin kohta on tahdeissa 75 ja 76 (nuotti 12). Eritt\u00e4in hiljaisesti soitettavassa kohdassa plektran ly\u00f6ntisuunta onkin \u00bc-nuoteilla yll\u00e4tt\u00e4en yl\u00f6sp\u00e4in ja vain toista kielt\u00e4 n\u00e4p\u00e4t\u00e4\u00e4n. T\u00e4m\u00e4 tuo kappaleeseen erit\u00e4in hienon ja erikoisen vivahteen. Molemmat  esitykset  ovat  taiturimaisesti  soitettuja,  mutta  vanhempaa  esityst\u00e4 haittaavat yleis\u00f6n keskustelu ja ehk\u00e4 my\u00f6s vaatimaton mandoliinin laatu. <\/p>\n\n\n\n<p>Uudempi  esitys  oli  Kaustisen  Iholla-konsertissa,  jossa  puitteet  t\u00e4m\u00e4n  kaltaiselle herk\u00e4lle tulkinnalle olivat ihanteelliset. Heikki Lahdella oli nyt k\u00e4yt\u00f6ss\u00e4\u00e4n my\u00f6s laadukas soitin, jolla pysyi tuottamaan monenlaisia nyansseja soittoon. <\/p>\n","protected":false},"excerpt":{"rendered":"<p>\u00c4l\u00e4 j\u00e4t\u00e4 -valssi on Heikki Lahden ensimm\u00e4inen mandoliinilla is\u00e4lt\u00e4\u00e4n oppima kapale. Vuonna 1989 Osmo Oja-Kaukolan kuvaamassa videossa Heikki soittaa \u00c4l\u00e4 j\u00e4t\u00e4 -valssin ven\u00e4l\u00e4isell\u00e4 mandoliinilla yksin. T\u00e4m\u00e4 on ensimm\u00e4inen k\u00e4siini saama Heikilt\u00e4 taltioitu versio kyseisest\u00e4 valssista. Valssi alkaa (nuotti 11) molemmissa esityksiss\u00e4 rubatomaisesti, jolloin rytmi muuttuu useaan kertaan. Soittaja ik\u00e4\u00e4n kuin kiirehtii joissakin kohdissa ja toisaalta &hellip; <a href=\"https:\/\/pelimanni.net\/heikkilahti\/ala-jata\/\" class=\"more-link\">Jatka lukemista<span class=\"screen-reader-text\"> &#8221;\u00c4l\u00e4 j\u00e4t\u00e4&#8221;<\/span><\/a><\/p>\n","protected":false},"author":1,"featured_media":0,"parent":0,"menu_order":0,"comment_status":"closed","ping_status":"closed","template":"","meta":{"footnotes":""},"class_list":["post-264","page","type-page","status-publish","hentry"],"_links":{"self":[{"href":"https:\/\/pelimanni.net\/heikkilahti\/wp-json\/wp\/v2\/pages\/264","targetHints":{"allow":["GET"]}}],"collection":[{"href":"https:\/\/pelimanni.net\/heikkilahti\/wp-json\/wp\/v2\/pages"}],"about":[{"href":"https:\/\/pelimanni.net\/heikkilahti\/wp-json\/wp\/v2\/types\/page"}],"author":[{"embeddable":true,"href":"https:\/\/pelimanni.net\/heikkilahti\/wp-json\/wp\/v2\/users\/1"}],"replies":[{"embeddable":true,"href":"https:\/\/pelimanni.net\/heikkilahti\/wp-json\/wp\/v2\/comments?post=264"}],"version-history":[{"count":13,"href":"https:\/\/pelimanni.net\/heikkilahti\/wp-json\/wp\/v2\/pages\/264\/revisions"}],"predecessor-version":[{"id":377,"href":"https:\/\/pelimanni.net\/heikkilahti\/wp-json\/wp\/v2\/pages\/264\/revisions\/377"}],"wp:attachment":[{"href":"https:\/\/pelimanni.net\/heikkilahti\/wp-json\/wp\/v2\/media?parent=264"}],"curies":[{"name":"wp","href":"https:\/\/api.w.org\/{rel}","templated":true}]}}