{"id":275,"date":"2019-02-19T14:44:46","date_gmt":"2019-02-19T14:44:46","guid":{"rendered":"https:\/\/pelimanni.net\/heikkilahti\/?page_id=275"},"modified":"2019-02-23T00:10:21","modified_gmt":"2019-02-23T00:10:21","slug":"soittimet","status":"publish","type":"page","link":"https:\/\/pelimanni.net\/heikkilahti\/soittimet\/","title":{"rendered":"Soittimet"},"content":{"rendered":"\n<p class=\"has-drop-cap\">Heikki Lahden ensimm\u00e4inen mandoliini oli tuntemattoman tekij\u00e4n rintamalla valmistama, ja se on yh\u00e4 viel\u00e4kin soittokuntoisena vanhan kotim\u00f6kin sein\u00e4ll\u00e4. Muita Heikin instrumentteja ovat kitaran ja kontrabasson lis\u00e4ksi kreikkalainen busuki, alttomandoliini ja mandoliinibanjo. J\u00e4ms\u00e4nkoskella opetust\u00f6iden ohella rupesi her\u00e4\u00e4m\u00e4\u00e4n uudelleen innostus mandoliinin soittoon, ja h\u00e4n osti ven\u00e4l\u00e4isen mandoliinin, jolla h\u00e4n voitti kolme Suomen mestaruutta.<\/p>\n\n\n\n<blockquote class=\"wp-block-quote is-layout-flow wp-block-quote-is-layout-flow\"><p>&#8221;Min\u00e4h\u00e4n soittelin vuosikaudet Leningradista ostetulla sadan markan mandoliinilla, mutta pikku hiljaa sit\u00e4 halusi, vaikka se aivan hyv\u00e4 peli olikin. Kaustisella 1989 amerikkalainen Niles Hokkanen neuvoi hankkimaan Gibsonin ja heitt\u00e4m\u00e4\u00e4n berjoska-pelin Dnjepriin.&#8221;<\/p><\/blockquote>\n\n\n\n<figure class=\"wp-block-image\"><img loading=\"lazy\" decoding=\"async\" width=\"1024\" height=\"524\" src=\"https:\/\/pelimanni.net\/heikkilahti\/wp-content\/uploads\/2019\/02\/F5L-1024x524.jpg\" alt=\"\" class=\"wp-image-432\" srcset=\"https:\/\/pelimanni.net\/heikkilahti\/wp-content\/uploads\/2019\/02\/F5L-1024x524.jpg 1024w, https:\/\/pelimanni.net\/heikkilahti\/wp-content\/uploads\/2019\/02\/F5L-300x153.jpg 300w, https:\/\/pelimanni.net\/heikkilahti\/wp-content\/uploads\/2019\/02\/F5L-768x393.jpg 768w, https:\/\/pelimanni.net\/heikkilahti\/wp-content\/uploads\/2019\/02\/F5L.jpg 1705w\" sizes=\"auto, (max-width: 709px) 85vw, (max-width: 909px) 67vw, (max-width: 1362px) 62vw, 840px\" \/><\/figure>\n\n\n\n<p>Heikin p\u00e4\u00e4soitin oli 1980 tehty Gibsonin F-5L-mandoliini, joka l\u00f6ytyi Rientolan Kaksirivisten kanssa Australiaan suuntautuneella esiintymismatkalla vuonna 1990. Amerikkaan suuntautuneella konserttimatkalla kes\u00e4ll\u00e4 1992 h\u00e4n sai lahjaksi vuonna 1920 valmistetun Gibsonin A-mandoliinin. T\u00e4m\u00e4 mandoliini oli kotona kunniapaikalla, eik\u00e4 sit\u00e4 otettu mukaan keikoille. Mandoliinin lahjoittajalle Heikki lupasi, ett\u00e4 se soi joka p\u00e4iv\u00e4.<\/p>\n\n\n\n<blockquote class=\"wp-block-quote is-layout-flow wp-block-quote-is-layout-flow\"><p> \u201dEn ole lupaustani pett\u00e4nyt. Se on aarre ja helmi\u201d <\/p><\/blockquote>\n\n\n\n<p>Kotona h\u00e4n soitti p\u00e4\u00e4asiassa juuri tuota A-mallin Gibsonia, jossa on kauniimpi \u00e4\u00e4ni, mutta esiintymisten l\u00e4hestyess\u00e4 t\u00e4ytyy soittimeksi vaihtaa F-5L-malli.&#8217;<\/p>\n\n\n\n<figure class=\"wp-block-image\"><img loading=\"lazy\" decoding=\"async\" width=\"968\" height=\"641\" src=\"https:\/\/pelimanni.net\/heikkilahti\/wp-content\/uploads\/2019\/02\/soittimet.jpg\" alt=\"\" class=\"wp-image-279\" srcset=\"https:\/\/pelimanni.net\/heikkilahti\/wp-content\/uploads\/2019\/02\/soittimet.jpg 968w, https:\/\/pelimanni.net\/heikkilahti\/wp-content\/uploads\/2019\/02\/soittimet-300x199.jpg 300w, https:\/\/pelimanni.net\/heikkilahti\/wp-content\/uploads\/2019\/02\/soittimet-768x509.jpg 768w\" sizes=\"auto, (max-width: 709px) 85vw, (max-width: 909px) 67vw, (max-width: 1362px) 62vw, 840px\" \/><figcaption>Heikki Lahden mandoliineja. Vasemmalta lukien Gibson A-malli,<br> Gibson F-5L, Ari-Pekka Paasonen tekem\u00e4 oktaavimandoliin ja Eino<br> Pauluksen pellist\u00e4 valmistama mandoliini. Takana on Taisto Kurtin<br> valmistama pikkolomandoliini. (Kuva: Juho Koiranen).<\/figcaption><\/figure>\n\n\n\n<blockquote class=\"wp-block-quote is-layout-flow wp-block-quote-is-layout-flow\"><p>&#8221;Nyt ku l\u00e4hesty t\u00e4\u00e4 kurssi, niin yht\u00e4kki\u00e4 tuli mieleen, ett\u00e4 t\u00e4ytyy ottaa tuo kovempi rauta k\u00e4ytt\u00f6\u00f6n, ett\u00e4 se on yht\u00e4-\u00e4kki\u00e4 hyppy tuohon toiseen on aiva erillaista. Se on niinku roheempi ja karkeampi toi ja voimakkaampi. Sen takia kun se on voimakkaampi, saan pysym\u00e4\u00e4n kasassa ton soiton  paremmin.&#8221;<\/p><\/blockquote>\n","protected":false},"excerpt":{"rendered":"<p>Heikki Lahden ensimm\u00e4inen mandoliini oli tuntemattoman tekij\u00e4n rintamalla valmistama, ja se on yh\u00e4 viel\u00e4kin soittokuntoisena vanhan kotim\u00f6kin sein\u00e4ll\u00e4. Muita Heikin instrumentteja ovat kitaran ja kontrabasson lis\u00e4ksi kreikkalainen busuki, alttomandoliini ja mandoliinibanjo. J\u00e4ms\u00e4nkoskella opetust\u00f6iden ohella rupesi her\u00e4\u00e4m\u00e4\u00e4n uudelleen innostus mandoliinin soittoon, ja h\u00e4n osti ven\u00e4l\u00e4isen mandoliinin, jolla h\u00e4n voitti kolme Suomen mestaruutta. &#8221;Min\u00e4h\u00e4n soittelin vuosikaudet Leningradista &hellip; <a href=\"https:\/\/pelimanni.net\/heikkilahti\/soittimet\/\" class=\"more-link\">Jatka lukemista<span class=\"screen-reader-text\"> &#8221;Soittimet&#8221;<\/span><\/a><\/p>\n","protected":false},"author":1,"featured_media":0,"parent":0,"menu_order":0,"comment_status":"closed","ping_status":"open","template":"","meta":{"footnotes":""},"class_list":["post-275","page","type-page","status-publish","hentry"],"_links":{"self":[{"href":"https:\/\/pelimanni.net\/heikkilahti\/wp-json\/wp\/v2\/pages\/275","targetHints":{"allow":["GET"]}}],"collection":[{"href":"https:\/\/pelimanni.net\/heikkilahti\/wp-json\/wp\/v2\/pages"}],"about":[{"href":"https:\/\/pelimanni.net\/heikkilahti\/wp-json\/wp\/v2\/types\/page"}],"author":[{"embeddable":true,"href":"https:\/\/pelimanni.net\/heikkilahti\/wp-json\/wp\/v2\/users\/1"}],"replies":[{"embeddable":true,"href":"https:\/\/pelimanni.net\/heikkilahti\/wp-json\/wp\/v2\/comments?post=275"}],"version-history":[{"count":6,"href":"https:\/\/pelimanni.net\/heikkilahti\/wp-json\/wp\/v2\/pages\/275\/revisions"}],"predecessor-version":[{"id":433,"href":"https:\/\/pelimanni.net\/heikkilahti\/wp-json\/wp\/v2\/pages\/275\/revisions\/433"}],"wp:attachment":[{"href":"https:\/\/pelimanni.net\/heikkilahti\/wp-json\/wp\/v2\/media?parent=275"}],"curies":[{"name":"wp","href":"https:\/\/api.w.org\/{rel}","templated":true}]}}