{"id":289,"date":"2019-02-19T16:15:42","date_gmt":"2019-02-19T16:15:42","guid":{"rendered":"https:\/\/pelimanni.net\/heikkilahti\/?page_id=289"},"modified":"2019-02-20T16:57:16","modified_gmt":"2019-02-20T16:57:16","slug":"soittoasento","status":"publish","type":"page","link":"https:\/\/pelimanni.net\/heikkilahti\/soittoasento\/","title":{"rendered":"Soittoasento"},"content":{"rendered":"\n<p class=\"has-drop-cap\">Mandoliinia soitetaan joko seisten, jolloin mandoliini riippuu soittajan kaulassa hihnan avulla, tai istuen, jolloin mandoliini lep\u00e4\u00e4 soittajan syliss\u00e4. Vuonna 1989 otetussa kuvassa Heikki Lahti on syv\u00e4\u00e4n kumartuneena mandoliinin p\u00e4\u00e4lle. Syyn\u00e4 saattaa olla se, ett\u00e4 mandoliini on kuperapohjainen ja sen paikallaan pit\u00e4minen on hankalaa. <\/p>\n\n\n\n<figure class=\"wp-block-image\"><img loading=\"lazy\" decoding=\"async\" width=\"713\" height=\"596\" src=\"https:\/\/pelimanni.net\/heikkilahti\/wp-content\/uploads\/2019\/02\/Asento1.jpg\" alt=\"\" class=\"wp-image-290\" srcset=\"https:\/\/pelimanni.net\/heikkilahti\/wp-content\/uploads\/2019\/02\/Asento1.jpg 713w, https:\/\/pelimanni.net\/heikkilahti\/wp-content\/uploads\/2019\/02\/Asento1-300x251.jpg 300w\" sizes=\"auto, (max-width: 713px) 85vw, 713px\" \/><figcaption>Kuva: Osmo Oja-Kaukolan 1989 kuvaamasta videosta<\/figcaption><\/figure>\n\n\n\n<p>Vuosina 2007 ja 2014 kuvissa Lahdella on k\u00e4yt\u00f6ss\u00e4 Gibson F-5L-mandoliinissaan amerikkalaisten bluegrass-soittajien  suosima  ohut  nahkahihna,  jolloin  mandoliini  on  k\u00e4\u00e4nnetty  hieman eteenp\u00e4in. T\u00e4m\u00e4 tyyli mahdollistaa mandoliinin pohjan paremman resonoinnin ja siten paremman \u00e4\u00e4nen.<\/p>\n\n\n\n<figure class=\"wp-block-image is-resized\"><img loading=\"lazy\" decoding=\"async\" src=\"https:\/\/pelimanni.net\/heikkilahti\/wp-content\/uploads\/2019\/02\/Asento2.jpg\" alt=\"\" class=\"wp-image-291\" width=\"293\" height=\"325\" srcset=\"https:\/\/pelimanni.net\/heikkilahti\/wp-content\/uploads\/2019\/02\/Asento2.jpg 711w, https:\/\/pelimanni.net\/heikkilahti\/wp-content\/uploads\/2019\/02\/Asento2-270x300.jpg 270w\" sizes=\"auto, (max-width: 293px) 85vw, 293px\" \/><figcaption>Kuva: Veli-Jussi Lietsala<\/figcaption><\/figure>\n\n\n\n<figure class=\"wp-block-image\"><img loading=\"lazy\" decoding=\"async\" width=\"884\" height=\"511\" src=\"https:\/\/pelimanni.net\/heikkilahti\/wp-content\/uploads\/2019\/02\/Asento3.jpg\" alt=\"\" class=\"wp-image-292\" srcset=\"https:\/\/pelimanni.net\/heikkilahti\/wp-content\/uploads\/2019\/02\/Asento3.jpg 884w, https:\/\/pelimanni.net\/heikkilahti\/wp-content\/uploads\/2019\/02\/Asento3-300x173.jpg 300w, https:\/\/pelimanni.net\/heikkilahti\/wp-content\/uploads\/2019\/02\/Asento3-768x444.jpg 768w\" sizes=\"auto, (max-width: 709px) 85vw, (max-width: 909px) 67vw, (max-width: 1362px) 62vw, 840px\" \/><\/figure>\n","protected":false},"excerpt":{"rendered":"<p>Mandoliinia soitetaan joko seisten, jolloin mandoliini riippuu soittajan kaulassa hihnan avulla, tai istuen, jolloin mandoliini lep\u00e4\u00e4 soittajan syliss\u00e4. Vuonna 1989 otetussa kuvassa Heikki Lahti on syv\u00e4\u00e4n kumartuneena mandoliinin p\u00e4\u00e4lle. Syyn\u00e4 saattaa olla se, ett\u00e4 mandoliini on kuperapohjainen ja sen paikallaan pit\u00e4minen on hankalaa. Vuosina 2007 ja 2014 kuvissa Lahdella on k\u00e4yt\u00f6ss\u00e4 Gibson F-5L-mandoliinissaan amerikkalaisten bluegrass-soittajien &hellip; <a href=\"https:\/\/pelimanni.net\/heikkilahti\/soittoasento\/\" class=\"more-link\">Jatka lukemista<span class=\"screen-reader-text\"> &#8221;Soittoasento&#8221;<\/span><\/a><\/p>\n","protected":false},"author":1,"featured_media":0,"parent":0,"menu_order":0,"comment_status":"closed","ping_status":"closed","template":"","meta":{"footnotes":""},"class_list":["post-289","page","type-page","status-publish","hentry"],"_links":{"self":[{"href":"https:\/\/pelimanni.net\/heikkilahti\/wp-json\/wp\/v2\/pages\/289","targetHints":{"allow":["GET"]}}],"collection":[{"href":"https:\/\/pelimanni.net\/heikkilahti\/wp-json\/wp\/v2\/pages"}],"about":[{"href":"https:\/\/pelimanni.net\/heikkilahti\/wp-json\/wp\/v2\/types\/page"}],"author":[{"embeddable":true,"href":"https:\/\/pelimanni.net\/heikkilahti\/wp-json\/wp\/v2\/users\/1"}],"replies":[{"embeddable":true,"href":"https:\/\/pelimanni.net\/heikkilahti\/wp-json\/wp\/v2\/comments?post=289"}],"version-history":[{"count":4,"href":"https:\/\/pelimanni.net\/heikkilahti\/wp-json\/wp\/v2\/pages\/289\/revisions"}],"predecessor-version":[{"id":391,"href":"https:\/\/pelimanni.net\/heikkilahti\/wp-json\/wp\/v2\/pages\/289\/revisions\/391"}],"wp:attachment":[{"href":"https:\/\/pelimanni.net\/heikkilahti\/wp-json\/wp\/v2\/media?parent=289"}],"curies":[{"name":"wp","href":"https:\/\/api.w.org\/{rel}","templated":true}]}}