{"id":447,"date":"2019-07-03T19:29:38","date_gmt":"2019-07-03T19:29:38","guid":{"rendered":"https:\/\/pelimanni.net\/heikkilahti\/?page_id=447"},"modified":"2026-03-15T17:44:09","modified_gmt":"2026-03-15T15:44:09","slug":"heikki-lahden-ohjelmistoa","status":"publish","type":"page","link":"https:\/\/pelimanni.net\/heikkilahti\/heikki-lahden-ohjelmistoa\/","title":{"rendered":"Lahden Heikin ohjelmistoa"},"content":{"rendered":"\n<p><\/p>\n\n\n\n<div class=\"wp-block-file\"><a id=\"wp-block-file--media-9f64d243-dbbf-4d91-8c2c-ba7a45bd26b5\" href=\"https:\/\/pelimanni.net\/heikkilahti\/wp-content\/uploads\/2019\/07\/Arvon-alotus.pdf\">Arvon alotus<\/a><a href=\"https:\/\/pelimanni.net\/heikkilahti\/wp-content\/uploads\/2019\/07\/Arvon-alotus.pdf\" class=\"wp-block-file__button wp-element-button\" download aria-describedby=\"wp-block-file--media-9f64d243-dbbf-4d91-8c2c-ba7a45bd26b5\">Lataa<\/a><\/div>\n\n\n\n<div class=\"wp-block-file\"><a id=\"wp-block-file--media-e61f2818-7117-475b-a052-788ef35d5f78\" href=\"https:\/\/pelimanni.net\/heikkilahti\/wp-content\/uploads\/2019\/07\/Birgits-hambo.pdf\">Birgits hambo <\/a><a href=\"https:\/\/pelimanni.net\/heikkilahti\/wp-content\/uploads\/2019\/07\/Birgits-hambo.pdf\" class=\"wp-block-file__button wp-element-button\" download aria-describedby=\"wp-block-file--media-e61f2818-7117-475b-a052-788ef35d5f78\">Lataa<\/a><\/div>\n\n\n\n<div class=\"wp-block-file\"><a id=\"wp-block-file--media-0ba0d519-42f3-4b1f-a457-8dd53952ad7f\" href=\"https:\/\/pelimanni.net\/heikkilahti\/wp-content\/uploads\/2019\/07\/Ellan-Valden-jatsi.pdf\">Ellan Valden jatsi<\/a><a href=\"https:\/\/pelimanni.net\/heikkilahti\/wp-content\/uploads\/2019\/07\/Ellan-Valden-jatsi.pdf\" class=\"wp-block-file__button wp-element-button\" download aria-describedby=\"wp-block-file--media-0ba0d519-42f3-4b1f-a457-8dd53952ad7f\">Lataa<\/a><\/div>\n\n\n\n<div class=\"wp-block-file\"><a id=\"wp-block-file--media-bc23944f-6a7b-48b7-9790-e5854dd36278\" href=\"https:\/\/pelimanni.net\/heikkilahti\/wp-content\/uploads\/2019\/07\/Friimannin-Villen-valssi.pdf\">Friimannin Villen valssi<\/a><a href=\"https:\/\/pelimanni.net\/heikkilahti\/wp-content\/uploads\/2019\/07\/Friimannin-Villen-valssi.pdf\" class=\"wp-block-file__button wp-element-button\" download aria-describedby=\"wp-block-file--media-bc23944f-6a7b-48b7-9790-e5854dd36278\">Lataa<\/a><\/div>\n\n\n\n<div class=\"wp-block-file\"><a id=\"wp-block-file--media-38a78869-06a6-40df-af7e-40f5e81f47c7\" href=\"https:\/\/pelimanni.net\/heikkilahti\/wp-content\/uploads\/2019\/07\/Fritson-polkka.pdf\">Fritson polkka<\/a><a href=\"https:\/\/pelimanni.net\/heikkilahti\/wp-content\/uploads\/2019\/07\/Fritson-polkka.pdf\" class=\"wp-block-file__button wp-element-button\" download aria-describedby=\"wp-block-file--media-38a78869-06a6-40df-af7e-40f5e81f47c7\">Lataa<\/a><\/div>\n\n\n\n<div class=\"wp-block-file\"><a id=\"wp-block-file--media-210b549e-0322-46bb-80ad-87fe969a265a\" href=\"https:\/\/pelimanni.net\/heikkilahti\/wp-content\/uploads\/2019\/07\/Halakonikkarin-sottiisi.pdf\">Halakonikkarin sottiisi<\/a><a href=\"https:\/\/pelimanni.net\/heikkilahti\/wp-content\/uploads\/2019\/07\/Halakonikkarin-sottiisi.pdf\" class=\"wp-block-file__button wp-element-button\" download aria-describedby=\"wp-block-file--media-210b549e-0322-46bb-80ad-87fe969a265a\">Lataa<\/a><\/div>\n\n\n\n<div class=\"wp-block-file\"><a id=\"wp-block-file--media-8dd1845d-58b2-4208-956c-43382d520601\" href=\"https:\/\/pelimanni.net\/heikkilahti\/wp-content\/uploads\/2019\/07\/Horgal\u00e5ten.pdf\">Horgal\u00e5ten<\/a><a href=\"https:\/\/pelimanni.net\/heikkilahti\/wp-content\/uploads\/2019\/07\/Horgal\u00e5ten.pdf\" class=\"wp-block-file__button wp-element-button\" download aria-describedby=\"wp-block-file--media-8dd1845d-58b2-4208-956c-43382d520601\">Lataa<\/a><\/div>\n\n\n\n<div class=\"wp-block-file\"><a id=\"wp-block-file--media-970e1b2b-8f48-4290-8868-7cea895e41dc\" href=\"https:\/\/pelimanni.net\/heikkilahti\/wp-content\/uploads\/2022\/07\/Humpulijussin-polokka.pdf\">Humpulijussin-polokka<\/a><a href=\"https:\/\/pelimanni.net\/heikkilahti\/wp-content\/uploads\/2022\/07\/Humpulijussin-polokka.pdf\" class=\"wp-block-file__button wp-element-button\" download aria-describedby=\"wp-block-file--media-970e1b2b-8f48-4290-8868-7cea895e41dc\">Lataa<\/a><\/div>\n\n\n\n<div class=\"wp-block-file\"><a id=\"wp-block-file--media-0c00a3f0-531f-4b58-a2a7-04cf2c483127\" href=\"https:\/\/pelimanni.net\/heikkilahti\/wp-content\/uploads\/2019\/07\/Humppa-hamarassa.pdf\">Humppa h\u00e4m\u00e4r\u00e4ss\u00e4<\/a><a href=\"https:\/\/pelimanni.net\/heikkilahti\/wp-content\/uploads\/2019\/07\/Humppa-hamarassa.pdf\" class=\"wp-block-file__button wp-element-button\" download aria-describedby=\"wp-block-file--media-0c00a3f0-531f-4b58-a2a7-04cf2c483127\">Lataa<\/a><\/div>\n\n\n\n<div class=\"wp-block-file\"><a id=\"wp-block-file--media-2f3d8642-d4c9-446d-83c6-0cc0d202df1e\" href=\"https:\/\/pelimanni.net\/heikkilahti\/wp-content\/uploads\/2019\/07\/Hyv\u00e4ntuulinen-em\u00e4nt\u00e4-aitanpolulla-Fox.pdf\">Hyv\u00e4ntuulinen em\u00e4nt\u00e4 aitanpolulla<\/a><a href=\"https:\/\/pelimanni.net\/heikkilahti\/wp-content\/uploads\/2019\/07\/Hyv\u00e4ntuulinen-em\u00e4nt\u00e4-aitanpolulla-Fox.pdf\" class=\"wp-block-file__button wp-element-button\" download aria-describedby=\"wp-block-file--media-2f3d8642-d4c9-446d-83c6-0cc0d202df1e\">Lataa<\/a><\/div>\n\n\n\n<div class=\"wp-block-file\"><a id=\"wp-block-file--media-af51fe9d-6cbe-456f-a9b7-29a7f3c0d7ab\" href=\"https:\/\/pelimanni.net\/heikkilahti\/wp-content\/uploads\/2019\/07\/Iloisten_Kolhon-polska.pdf\">Iloisten ja Kolhon polskat<\/a><a href=\"https:\/\/pelimanni.net\/heikkilahti\/wp-content\/uploads\/2019\/07\/Iloisten_Kolhon-polska.pdf\" class=\"wp-block-file__button wp-element-button\" download aria-describedby=\"wp-block-file--media-af51fe9d-6cbe-456f-a9b7-29a7f3c0d7ab\">Lataa<\/a><\/div>\n\n\n\n<div class=\"wp-block-file\"><a id=\"wp-block-file--media-0e4a87fc-ddb0-47be-8a8f-19ddc5273e2e\" href=\"https:\/\/pelimanni.net\/heikkilahti\/wp-content\/uploads\/2022\/07\/Iltarusko.pdf\">Iltarusko<\/a><a href=\"https:\/\/pelimanni.net\/heikkilahti\/wp-content\/uploads\/2022\/07\/Iltarusko.pdf\" class=\"wp-block-file__button wp-element-button\" download aria-describedby=\"wp-block-file--media-0e4a87fc-ddb0-47be-8a8f-19ddc5273e2e\">Lataa<\/a><\/div>\n\n\n\n<div class=\"wp-block-file\"><a id=\"wp-block-file--media-b26355a1-15de-42e3-adc8-45847f98e967\" href=\"https:\/\/pelimanni.net\/heikkilahti\/wp-content\/uploads\/2022\/07\/Isa\u0308-Jussin-sotiisi.pdf\">Isa\u0308-Jussin-sotiisi<\/a><a href=\"https:\/\/pelimanni.net\/heikkilahti\/wp-content\/uploads\/2022\/07\/Isa\u0308-Jussin-sotiisi.pdf\" class=\"wp-block-file__button wp-element-button\" download aria-describedby=\"wp-block-file--media-b26355a1-15de-42e3-adc8-45847f98e967\">Lataa<\/a><\/div>\n\n\n\n<div class=\"wp-block-file\"><a id=\"wp-block-file--media-dc19823c-0a03-4400-afab-d16fe5df93ac\" href=\"https:\/\/pelimanni.net\/heikkilahti\/wp-content\/uploads\/2022\/07\/Jylhan-Enstin-sotiisi.pdf\">Jylh\u00e4n Enstin sotiisi<\/a><a href=\"https:\/\/pelimanni.net\/heikkilahti\/wp-content\/uploads\/2022\/07\/Jylhan-Enstin-sotiisi.pdf\" class=\"wp-block-file__button wp-element-button\" download aria-describedby=\"wp-block-file--media-dc19823c-0a03-4400-afab-d16fe5df93ac\">Lataa<\/a><\/div>\n\n\n\n<div class=\"wp-block-file\"><a id=\"wp-block-file--media-01f1b4b1-e7b9-47e7-845b-1fcedce04eb3\" href=\"https:\/\/pelimanni.net\/heikkilahti\/wp-content\/uploads\/2019\/07\/La-Paloma.pdf\">La Paloma<\/a><a href=\"https:\/\/pelimanni.net\/heikkilahti\/wp-content\/uploads\/2019\/07\/La-Paloma.pdf\" class=\"wp-block-file__button wp-element-button\" download aria-describedby=\"wp-block-file--media-01f1b4b1-e7b9-47e7-845b-1fcedce04eb3\">Lataa<\/a><\/div>\n\n\n\n<div class=\"wp-block-file\"><a id=\"wp-block-file--media-e462f0bf-4e78-4f16-a060-c59bfab63227\" href=\"https:\/\/pelimanni.net\/heikkilahti\/wp-content\/uploads\/2022\/07\/Lapin-kullan-sottiisi.pdf\">Lapin kullan sottiisi<\/a><a href=\"https:\/\/pelimanni.net\/heikkilahti\/wp-content\/uploads\/2022\/07\/Lapin-kullan-sottiisi.pdf\" class=\"wp-block-file__button wp-element-button\" download aria-describedby=\"wp-block-file--media-e462f0bf-4e78-4f16-a060-c59bfab63227\">Lataa<\/a><\/div>\n\n\n\n<div class=\"wp-block-file\"><a id=\"wp-block-file--media-4d473ef8-c783-4df7-967b-faaadb790826\" href=\"https:\/\/pelimanni.net\/heikkilahti\/wp-content\/uploads\/2022\/07\/Kellarin-kautta.pdf\">Kellarin-kautta<\/a><a href=\"https:\/\/pelimanni.net\/heikkilahti\/wp-content\/uploads\/2022\/07\/Kellarin-kautta.pdf\" class=\"wp-block-file__button wp-element-button\" download aria-describedby=\"wp-block-file--media-4d473ef8-c783-4df7-967b-faaadb790826\">Lataa<\/a><\/div>\n\n\n\n<div class=\"wp-block-file\"><a id=\"wp-block-file--media-1521c8e7-a2bc-4914-9815-38846638dccf\" href=\"https:\/\/pelimanni.net\/heikkilahti\/wp-content\/uploads\/2019\/07\/Keltapaviljonki.pdf\">Keltapaviljonki<\/a><a href=\"https:\/\/pelimanni.net\/heikkilahti\/wp-content\/uploads\/2019\/07\/Keltapaviljonki.pdf\" class=\"wp-block-file__button wp-element-button\" download aria-describedby=\"wp-block-file--media-1521c8e7-a2bc-4914-9815-38846638dccf\">Lataa<\/a><\/div>\n\n\n\n<div class=\"wp-block-file\"><a id=\"wp-block-file--media-e9abfdc5-2ad3-48f4-bf7a-3d45686b45be\" href=\"https:\/\/pelimanni.net\/heikkilahti\/wp-content\/uploads\/2022\/07\/Ketun-Reinon-masurkka.pdf\">Ketun-Reinon-masurkka<\/a><a href=\"https:\/\/pelimanni.net\/heikkilahti\/wp-content\/uploads\/2022\/07\/Ketun-Reinon-masurkka.pdf\" class=\"wp-block-file__button wp-element-button\" download aria-describedby=\"wp-block-file--media-e9abfdc5-2ad3-48f4-bf7a-3d45686b45be\">Lataa<\/a><\/div>\n\n\n\n<div class=\"wp-block-file\"><a id=\"wp-block-file--media-b51f905b-a220-4809-92b8-2d7c6cac4c06\" href=\"https:\/\/pelimanni.net\/heikkilahti\/wp-content\/uploads\/2022\/07\/Koivusela\u0308n-kimallus_kone.pdf\">Koivusela\u0308n kimallus<\/a><a href=\"https:\/\/pelimanni.net\/heikkilahti\/wp-content\/uploads\/2022\/07\/Koivusela\u0308n-kimallus_kone.pdf\" class=\"wp-block-file__button wp-element-button\" download aria-describedby=\"wp-block-file--media-b51f905b-a220-4809-92b8-2d7c6cac4c06\">Lataa<\/a><\/div>\n\n\n\n<div class=\"wp-block-file\"><a id=\"wp-block-file--media-c5246d34-ab09-454a-b07d-00e412ff41fb\" href=\"https:\/\/pelimanni.net\/heikkilahti\/wp-content\/uploads\/2019\/07\/Kotikuusi.pdf\">Kotikuusi<\/a><a href=\"https:\/\/pelimanni.net\/heikkilahti\/wp-content\/uploads\/2019\/07\/Kotikuusi.pdf\" class=\"wp-block-file__button wp-element-button\" download aria-describedby=\"wp-block-file--media-c5246d34-ab09-454a-b07d-00e412ff41fb\">Lataa<\/a><\/div>\n\n\n\n<div class=\"wp-block-file\"><a id=\"wp-block-file--media-ceb0f8b8-55ee-46a5-a2b6-8e4d9038dffb\" href=\"https:\/\/pelimanni.net\/heikkilahti\/wp-content\/uploads\/2019\/07\/Kruunu-Marjaanan-polska.pdf\">Kruunu Marjaanan polska<\/a><a href=\"https:\/\/pelimanni.net\/heikkilahti\/wp-content\/uploads\/2019\/07\/Kruunu-Marjaanan-polska.pdf\" class=\"wp-block-file__button wp-element-button\" download aria-describedby=\"wp-block-file--media-ceb0f8b8-55ee-46a5-a2b6-8e4d9038dffb\">Lataa<\/a><\/div>\n\n\n\n<div class=\"wp-block-file\"><a id=\"wp-block-file--media-d29ac9f8-620f-4d6e-806a-78de61f00305\">Mandoliinien esiinmarssi<\/a><a href=\"https:\/\/pelimanni.net\/heikkilahti\/wp-content\/uploads\/2022\/07\/Mandoliinien-esiinmarssi.pdf\" class=\"wp-block-file__button wp-element-button\" download aria-describedby=\"wp-block-file--media-d29ac9f8-620f-4d6e-806a-78de61f00305\">Lataa<\/a><\/div>\n\n\n\n<div class=\"wp-block-file\"><a id=\"wp-block-file--media-8ac2a4a3-5ac7-4e0a-9d44-a114ca5f6f16\" href=\"https:\/\/pelimanni.net\/heikkilahti\/wp-content\/uploads\/2019\/07\/Min-t\u00f6s.pdf\">Min t\u00f6s<\/a><a href=\"https:\/\/pelimanni.net\/heikkilahti\/wp-content\/uploads\/2019\/07\/Min-t\u00f6s.pdf\" class=\"wp-block-file__button wp-element-button\" download aria-describedby=\"wp-block-file--media-8ac2a4a3-5ac7-4e0a-9d44-a114ca5f6f16\">Lataa<\/a><\/div>\n\n\n\n<div class=\"wp-block-file\"><a id=\"wp-block-file--media-ac447e0d-ae2b-4dc2-94e2-9a6350818dbd\" href=\"https:\/\/pelimanni.net\/heikkilahti\/wp-content\/uploads\/2019\/07\/Miilunpolttajan-polska.pdf\">Miilunpolttajan polska<\/a><a href=\"https:\/\/pelimanni.net\/heikkilahti\/wp-content\/uploads\/2019\/07\/Miilunpolttajan-polska.pdf\" class=\"wp-block-file__button wp-element-button\" download aria-describedby=\"wp-block-file--media-ac447e0d-ae2b-4dc2-94e2-9a6350818dbd\">Lataa<\/a><\/div>\n\n\n\n<div class=\"wp-block-file\"><a id=\"wp-block-file--media-fa44e975-bcce-49ef-a8d0-e8fb94f282c3\" href=\"https:\/\/pelimanni.net\/heikkilahti\/wp-content\/uploads\/2019\/07\/Nyt-se-tulloo.pdf\">Nyt se tulloo<\/a><a href=\"https:\/\/pelimanni.net\/heikkilahti\/wp-content\/uploads\/2019\/07\/Nyt-se-tulloo.pdf\" class=\"wp-block-file__button wp-element-button\" download aria-describedby=\"wp-block-file--media-fa44e975-bcce-49ef-a8d0-e8fb94f282c3\">Lataa<\/a><\/div>\n\n\n\n<div class=\"wp-block-file\"><a id=\"wp-block-file--media-12441a37-72fb-43cc-9f64-a17d053820c5\" href=\"https:\/\/pelimanni.net\/heikkilahti\/wp-content\/uploads\/2019\/07\/Outoveden-valssi.pdf\">Outoveden valssi<\/a><a href=\"https:\/\/pelimanni.net\/heikkilahti\/wp-content\/uploads\/2019\/07\/Outoveden-valssi.pdf\" class=\"wp-block-file__button wp-element-button\" download aria-describedby=\"wp-block-file--media-12441a37-72fb-43cc-9f64-a17d053820c5\">Lataa<\/a><\/div>\n\n\n\n<div class=\"wp-block-file\"><a id=\"wp-block-file--media-e0229e24-458e-48c1-99bc-96fe14da8a26\" href=\"https:\/\/pelimanni.net\/heikkilahti\/wp-content\/uploads\/2019\/07\/Parhaalle-yst\u00e4v\u00e4lle.pdf\">Parhaalle yst\u00e4v\u00e4lle<\/a><a href=\"https:\/\/pelimanni.net\/heikkilahti\/wp-content\/uploads\/2019\/07\/Parhaalle-yst\u00e4v\u00e4lle.pdf\" class=\"wp-block-file__button wp-element-button\" download aria-describedby=\"wp-block-file--media-e0229e24-458e-48c1-99bc-96fe14da8a26\">Lataa<\/a><\/div>\n\n\n\n<div class=\"wp-block-file\"><a id=\"wp-block-file--media-7fcb378f-9216-402d-8d97-383b28ea110a\" href=\"https:\/\/pelimanni.net\/heikkilahti\/wp-content\/uploads\/2022\/07\/PelimanninKaipuu-1.pdf\">Pelimannin kaipuu<\/a><a href=\"https:\/\/pelimanni.net\/heikkilahti\/wp-content\/uploads\/2022\/07\/PelimanninKaipuu-1.pdf\" class=\"wp-block-file__button wp-element-button\" download aria-describedby=\"wp-block-file--media-7fcb378f-9216-402d-8d97-383b28ea110a\">Lataa<\/a><\/div>\n\n\n\n<div class=\"wp-block-file\"><a id=\"wp-block-file--media-a3b225eb-efb1-47d1-be2c-b938733f5ab1\" href=\"https:\/\/pelimanni.net\/heikkilahti\/wp-content\/uploads\/2019\/07\/Pohjolan-sottiisi.pdf\">Pohjolan sottiisi<\/a><a href=\"https:\/\/pelimanni.net\/heikkilahti\/wp-content\/uploads\/2019\/07\/Pohjolan-sottiisi.pdf\" class=\"wp-block-file__button wp-element-button\" download aria-describedby=\"wp-block-file--media-a3b225eb-efb1-47d1-be2c-b938733f5ab1\">Lataa<\/a><\/div>\n\n\n\n<div class=\"wp-block-file\"><a id=\"wp-block-file--media-fda022e3-56e3-4825-93d4-764857b5701a\" href=\"https:\/\/pelimanni.net\/heikkilahti\/wp-content\/uploads\/2019\/07\/Puustelin-valssi.pdf\">Puustellin valssi<\/a><a href=\"https:\/\/pelimanni.net\/heikkilahti\/wp-content\/uploads\/2019\/07\/Puustelin-valssi.pdf\" class=\"wp-block-file__button wp-element-button\" download aria-describedby=\"wp-block-file--media-fda022e3-56e3-4825-93d4-764857b5701a\">Lataa<\/a><\/div>\n\n\n\n<div class=\"wp-block-group\"><div class=\"wp-block-group__inner-container is-layout-flow wp-block-group-is-layout-flow\">\n<div class=\"wp-block-file\"><a id=\"wp-block-file--media-0bf55f4a-e8ae-418c-bddc-d3da59edc20a\" href=\"https:\/\/pelimanni.net\/heikkilahti\/wp-content\/uploads\/2022\/07\/Rannan-Santerin-polkka-2.pdf\">Rannan Santerin polkka<\/a><a href=\"https:\/\/pelimanni.net\/heikkilahti\/wp-content\/uploads\/2022\/07\/Rannan-Santerin-polkka-2.pdf\" class=\"wp-block-file__button wp-element-button\" download aria-describedby=\"wp-block-file--media-0bf55f4a-e8ae-418c-bddc-d3da59edc20a\">Lataa<\/a><\/div>\n<\/div><\/div>\n\n\n\n<div class=\"wp-block-file\"><a id=\"wp-block-file--media-8fe75de6-8fd4-41bb-a611-1a988f53644b\" href=\"https:\/\/pelimanni.net\/heikkilahti\/wp-content\/uploads\/2022\/07\/ruiskukkien_valssi-1.pdf\">Ruiskukkien valssi<\/a><a href=\"https:\/\/pelimanni.net\/heikkilahti\/wp-content\/uploads\/2022\/07\/ruiskukkien_valssi-1.pdf\" class=\"wp-block-file__button wp-element-button\" download aria-describedby=\"wp-block-file--media-8fe75de6-8fd4-41bb-a611-1a988f53644b\">Lataa<\/a><\/div>\n\n\n\n<div class=\"wp-block-file\"><a id=\"wp-block-file--media-b3b34f22-4f35-47cc-b917-e60c9716de31\" href=\"https:\/\/pelimanni.net\/heikkilahti\/wp-content\/uploads\/2019\/07\/Santerin-kahvilassa.pdf\">Santerin kahvilassa<\/a><a href=\"https:\/\/pelimanni.net\/heikkilahti\/wp-content\/uploads\/2019\/07\/Santerin-kahvilassa.pdf\" class=\"wp-block-file__button wp-element-button\" download aria-describedby=\"wp-block-file--media-b3b34f22-4f35-47cc-b917-e60c9716de31\">Lataa<\/a><\/div>\n\n\n\n<div class=\"wp-block-file\"><a id=\"wp-block-file--media-5b3c4655-03f3-40af-854a-7c711c6bfbaa\" href=\"https:\/\/pelimanni.net\/heikkilahti\/wp-content\/uploads\/2019\/07\/Soittajan-tervehdys.pdf\">Soittajan tervehdys<\/a><a href=\"https:\/\/pelimanni.net\/heikkilahti\/wp-content\/uploads\/2019\/07\/Soittajan-tervehdys.pdf\" class=\"wp-block-file__button wp-element-button\" download aria-describedby=\"wp-block-file--media-5b3c4655-03f3-40af-854a-7c711c6bfbaa\">Lataa<\/a><\/div>\n\n\n\n<div class=\"wp-block-file\"><a id=\"wp-block-file--media-78f42e5c-dc85-4df5-b82a-9f84e976ab71\" href=\"https:\/\/pelimanni.net\/heikkilahti\/wp-content\/uploads\/2019\/07\/Tytt\u00f6jen-keskell\u00e4-Jenkka.pdf\">Tytt\u00f6jen keskell\u00e4<\/a><a href=\"https:\/\/pelimanni.net\/heikkilahti\/wp-content\/uploads\/2019\/07\/Tytt\u00f6jen-keskell\u00e4-Jenkka.pdf\" class=\"wp-block-file__button wp-element-button\" download aria-describedby=\"wp-block-file--media-78f42e5c-dc85-4df5-b82a-9f84e976ab71\">Lataa<\/a><\/div>\n\n\n\n<div class=\"wp-block-file\"><a id=\"wp-block-file--media-b76b9d7d-b6de-4ce2-ab8e-04d46f753634\" href=\"https:\/\/pelimanni.net\/heikkilahti\/wp-content\/uploads\/2019\/07\/T\u00e4ss\u00e4-kaupungissa_Dalaras.pdf\">T\u00e4ss\u00e4 kaupungissa Dalaras<\/a><a href=\"https:\/\/pelimanni.net\/heikkilahti\/wp-content\/uploads\/2019\/07\/T\u00e4ss\u00e4-kaupungissa_Dalaras.pdf\" class=\"wp-block-file__button wp-element-button\" download aria-describedby=\"wp-block-file--media-b76b9d7d-b6de-4ce2-ab8e-04d46f753634\">Lataa<\/a><\/div>\n\n\n\n<div class=\"wp-block-file\"><a id=\"wp-block-file--media-7cf6a9a9-2fea-4eb6-8175-6840d7795a37\" href=\"https:\/\/pelimanni.net\/heikkilahti\/wp-content\/uploads\/2019\/07\/Vanha-jatsi.pdf\">Vanha jatsi<\/a><a href=\"https:\/\/pelimanni.net\/heikkilahti\/wp-content\/uploads\/2019\/07\/Vanha-jatsi.pdf\" class=\"wp-block-file__button wp-element-button\" download aria-describedby=\"wp-block-file--media-7cf6a9a9-2fea-4eb6-8175-6840d7795a37\">Lataa<\/a><\/div>\n\n\n\n<div class=\"wp-block-file\"><a id=\"wp-block-file--media-6e65ee75-c06a-43da-8c85-31c188beb668\" href=\"https:\/\/pelimanni.net\/heikkilahti\/wp-content\/uploads\/2019\/07\/Verkkokankaanmarssi.pdf\">Verkkokankaanmarssi<\/a><a href=\"https:\/\/pelimanni.net\/heikkilahti\/wp-content\/uploads\/2019\/07\/Verkkokankaanmarssi.pdf\" class=\"wp-block-file__button wp-element-button\" download aria-describedby=\"wp-block-file--media-6e65ee75-c06a-43da-8c85-31c188beb668\">Lataa<\/a><\/div>\n","protected":false},"excerpt":{"rendered":"","protected":false},"author":1,"featured_media":0,"parent":0,"menu_order":0,"comment_status":"closed","ping_status":"closed","template":"","meta":{"footnotes":""},"class_list":["post-447","page","type-page","status-publish","hentry"],"_links":{"self":[{"href":"https:\/\/pelimanni.net\/heikkilahti\/wp-json\/wp\/v2\/pages\/447","targetHints":{"allow":["GET"]}}],"collection":[{"href":"https:\/\/pelimanni.net\/heikkilahti\/wp-json\/wp\/v2\/pages"}],"about":[{"href":"https:\/\/pelimanni.net\/heikkilahti\/wp-json\/wp\/v2\/types\/page"}],"author":[{"embeddable":true,"href":"https:\/\/pelimanni.net\/heikkilahti\/wp-json\/wp\/v2\/users\/1"}],"replies":[{"embeddable":true,"href":"https:\/\/pelimanni.net\/heikkilahti\/wp-json\/wp\/v2\/comments?post=447"}],"version-history":[{"count":54,"href":"https:\/\/pelimanni.net\/heikkilahti\/wp-json\/wp\/v2\/pages\/447\/revisions"}],"predecessor-version":[{"id":595,"href":"https:\/\/pelimanni.net\/heikkilahti\/wp-json\/wp\/v2\/pages\/447\/revisions\/595"}],"wp:attachment":[{"href":"https:\/\/pelimanni.net\/heikkilahti\/wp-json\/wp\/v2\/media?parent=447"}],"curies":[{"name":"wp","href":"https:\/\/api.w.org\/{rel}","templated":true}]}}