{"id":46,"date":"2019-02-09T18:02:59","date_gmt":"2019-02-09T18:02:59","guid":{"rendered":"https:\/\/pelimanni.net\/heikkilahti\/?page_id=46"},"modified":"2019-02-19T19:09:40","modified_gmt":"2019-02-19T19:09:40","slug":"videot","status":"publish","type":"page","link":"https:\/\/pelimanni.net\/heikkilahti\/videot\/","title":{"rendered":"Videot"},"content":{"rendered":"\n<figure class=\"wp-block-embed-youtube wp-block-embed is-type-video is-provider-youtube wp-embed-aspect-16-9 wp-has-aspect-ratio\"><div class=\"wp-block-embed__wrapper\">\n<iframe loading=\"lazy\" title=\"Heikki Lahti  &amp; Katja Lampinen: Kyynelvalssi\" width=\"840\" height=\"473\" src=\"https:\/\/www.youtube.com\/embed\/EeQ1M94sC0Y?feature=oembed\" frameborder=\"0\" allow=\"accelerometer; autoplay; clipboard-write; encrypted-media; gyroscope; picture-in-picture\" allowfullscreen><\/iframe>\n<\/div><figcaption>  L\u00e4ngelm\u00e4ell\u00e4 Tunkelon Isotalossa 5.8.2018 <\/figcaption><\/figure>\n\n\n\n<figure class=\"wp-block-embed-youtube wp-block-embed is-type-video is-provider-youtube wp-embed-aspect-16-9 wp-has-aspect-ratio\"><div class=\"wp-block-embed__wrapper\">\n<iframe loading=\"lazy\" title=\"Heikki Lahti yhtyeineen: Suvitunnelma\" width=\"840\" height=\"473\" src=\"https:\/\/www.youtube.com\/embed\/IfRYsEVi8b8?feature=oembed\" frameborder=\"0\" allow=\"accelerometer; autoplay; clipboard-write; encrypted-media; gyroscope; picture-in-picture\" allowfullscreen><\/iframe>\n<\/div><figcaption>   L\u00e4ngelm\u00e4ell\u00e4 Tunkelon Isotalossa 5.8.2018  <\/figcaption><\/figure>\n\n\n\n<figure class=\"wp-block-embed-youtube wp-block-embed is-type-video is-provider-youtube wp-embed-aspect-16-9 wp-has-aspect-ratio\"><div class=\"wp-block-embed__wrapper\">\n<iframe loading=\"lazy\" title=\"Mollisotiisi\" width=\"840\" height=\"473\" src=\"https:\/\/www.youtube.com\/embed\/wgWeQmv5vms?feature=oembed\" frameborder=\"0\" allow=\"accelerometer; autoplay; clipboard-write; encrypted-media; gyroscope; picture-in-picture\" allowfullscreen><\/iframe>\n<\/div><figcaption>Kaustinen 2018<\/figcaption><\/figure>\n\n\n\n<figure class=\"wp-block-embed-youtube wp-block-embed is-type-video is-provider-youtube wp-embed-aspect-16-9 wp-has-aspect-ratio\"><div class=\"wp-block-embed__wrapper\">\n<iframe loading=\"lazy\" title=\"Pelimannin kaikuja\" width=\"840\" height=\"473\" src=\"https:\/\/www.youtube.com\/embed\/q9Uf-4LF8VI?feature=oembed\" frameborder=\"0\" allow=\"accelerometer; autoplay; clipboard-write; encrypted-media; gyroscope; picture-in-picture\" allowfullscreen><\/iframe>\n<\/div><figcaption>Kaustinen 2018<\/figcaption><\/figure>\n\n\n\n<figure class=\"wp-block-embed-youtube wp-block-embed is-type-video is-provider-youtube wp-embed-aspect-16-9 wp-has-aspect-ratio\"><div class=\"wp-block-embed__wrapper\">\n<iframe loading=\"lazy\" title=\"Granadamarssi\" width=\"840\" height=\"473\" src=\"https:\/\/www.youtube.com\/embed\/lsnrYlaljOU?feature=oembed\" frameborder=\"0\" allow=\"accelerometer; autoplay; clipboard-write; encrypted-media; gyroscope; picture-in-picture\" allowfullscreen><\/iframe>\n<\/div><figcaption>Kaustinen 2018<\/figcaption><\/figure>\n\n\n\n<figure class=\"wp-block-embed-youtube wp-block-embed is-type-video is-provider-youtube wp-embed-aspect-16-9 wp-has-aspect-ratio\"><div class=\"wp-block-embed__wrapper\">\n<iframe loading=\"lazy\" title=\"Heikki Lahti ja KOMIA: Harsus-Jussin polkka, Ravit K\u00e4pyl\u00e4ss\u00e4\" width=\"840\" height=\"473\" src=\"https:\/\/www.youtube.com\/embed\/nObLq2qmj9Q?feature=oembed\" frameborder=\"0\" allow=\"accelerometer; autoplay; clipboard-write; encrypted-media; gyroscope; picture-in-picture\" allowfullscreen><\/iframe>\n<\/div><figcaption>Pelimannitalo 2017 <\/figcaption><\/figure>\n\n\n\n<figure class=\"wp-block-embed-youtube wp-block-embed is-type-video is-provider-youtube wp-embed-aspect-16-9 wp-has-aspect-ratio\"><div class=\"wp-block-embed__wrapper\">\n<iframe loading=\"lazy\" title=\"Hiljainen polska\" width=\"840\" height=\"473\" src=\"https:\/\/www.youtube.com\/embed\/Zcz6s7iaiek?feature=oembed\" frameborder=\"0\" allow=\"accelerometer; autoplay; clipboard-write; encrypted-media; gyroscope; picture-in-picture\" allowfullscreen><\/iframe>\n<\/div><\/figure>\n\n\n\n<figure class=\"wp-block-embed-youtube wp-block-embed is-type-video is-provider-youtube wp-embed-aspect-16-9 wp-has-aspect-ratio\"><div class=\"wp-block-embed__wrapper\">\n<iframe loading=\"lazy\" title=\"Juhannuspolkka (Eino Tulikari)\" width=\"840\" height=\"473\" src=\"https:\/\/www.youtube.com\/embed\/blJ1kunt3R0?feature=oembed\" frameborder=\"0\" allow=\"accelerometer; autoplay; clipboard-write; encrypted-media; gyroscope; picture-in-picture\" allowfullscreen><\/iframe>\n<\/div><figcaption>Juhannuspolkka (Tulikari) Kaustinen2017<\/figcaption><\/figure>\n\n\n\n<figure class=\"wp-block-embed-youtube wp-block-embed is-type-video is-provider-youtube wp-embed-aspect-16-9 wp-has-aspect-ratio\"><div class=\"wp-block-embed__wrapper\">\n<iframe loading=\"lazy\" title=\"Heikki Lahti yst\u00e4vineen: Marjaanan Villen sottiisi\" width=\"840\" height=\"630\" src=\"https:\/\/www.youtube.com\/embed\/_6eOhB_huEE?feature=oembed\" frameborder=\"0\" allow=\"accelerometer; autoplay; clipboard-write; encrypted-media; gyroscope; picture-in-picture\" allowfullscreen><\/iframe>\n<\/div><figcaption>O&#8217;Rives festivaaleilla Orivedell\u00e4 30.6.2012<br><\/figcaption><\/figure>\n\n\n\n<figure class=\"wp-block-embed-youtube wp-block-embed is-type-video is-provider-youtube wp-embed-aspect-4-3 wp-has-aspect-ratio\"><div class=\"wp-block-embed__wrapper\">\n<iframe loading=\"lazy\" title=\"Kaustinen 2011: Lokakuun polkka - mestaripelimannit Heikki Lahti &amp; Risto Hotakainen\" width=\"840\" height=\"630\" src=\"https:\/\/www.youtube.com\/embed\/hINXfAJipPA?feature=oembed\" frameborder=\"0\" allow=\"accelerometer; autoplay; clipboard-write; encrypted-media; gyroscope; picture-in-picture\" allowfullscreen><\/iframe>\n<\/div><figcaption> Kaustinen Mestaripelimannien kahvikonsertti Cafe Mondossa 13.7.2011 <\/figcaption><\/figure>\n\n\n\n<figure class=\"wp-block-embed-youtube wp-block-embed is-type-video is-provider-youtube wp-embed-aspect-16-9 wp-has-aspect-ratio\"><div class=\"wp-block-embed__wrapper\">\n<iframe loading=\"lazy\" title=\"Ruiskukkia\" width=\"840\" height=\"473\" src=\"https:\/\/www.youtube.com\/embed\/TSEmQLhEBDo?feature=oembed\" frameborder=\"0\" allow=\"accelerometer; autoplay; clipboard-write; encrypted-media; gyroscope; picture-in-picture\" allowfullscreen><\/iframe>\n<\/div><figcaption>Kaustisen Soittosalissa 2012<\/figcaption><\/figure>\n\n\n\n<figure class=\"wp-block-embed-youtube wp-block-embed is-type-video is-provider-youtube wp-embed-aspect-16-9 wp-has-aspect-ratio\"><div class=\"wp-block-embed__wrapper\">\n<iframe loading=\"lazy\" title=\"Mestaripelimanni Heikki Lahti: Iloisten polska \/ Kolhon polska\" width=\"840\" height=\"473\" src=\"https:\/\/www.youtube.com\/embed\/mXL5_QLDZYE?feature=oembed\" frameborder=\"0\" allow=\"accelerometer; autoplay; clipboard-write; encrypted-media; gyroscope; picture-in-picture\" allowfullscreen><\/iframe>\n<\/div><figcaption>Kes\u00e4lahdella 2015<\/figcaption><\/figure>\n\n\n\n<figure class=\"wp-block-embed-youtube wp-block-embed is-type-video is-provider-youtube wp-embed-aspect-16-9 wp-has-aspect-ratio\"><div class=\"wp-block-embed__wrapper\">\n<iframe loading=\"lazy\" title=\"Heikki Lahti: Tiltan polkka\" width=\"840\" height=\"473\" src=\"https:\/\/www.youtube.com\/embed\/WFyKywoZ-c0?feature=oembed\" frameborder=\"0\" allow=\"accelerometer; autoplay; clipboard-write; encrypted-media; gyroscope; picture-in-picture\" allowfullscreen><\/iframe>\n<\/div><figcaption>Lappaj\u00e4rvi 2009<\/figcaption><\/figure>\n\n\n\n<figure class=\"wp-block-embed-youtube wp-block-embed is-type-video is-provider-youtube wp-embed-aspect-16-9 wp-has-aspect-ratio\"><div class=\"wp-block-embed__wrapper\">\n<iframe loading=\"lazy\" title=\"Mestarisoitto: Heikki Lahti Valssi nro 12\" width=\"840\" height=\"473\" src=\"https:\/\/www.youtube.com\/embed\/AD7ZGxP9DlI?feature=oembed\" frameborder=\"0\" allow=\"accelerometer; autoplay; clipboard-write; encrypted-media; gyroscope; picture-in-picture\" allowfullscreen><\/iframe>\n<\/div><figcaption>Kaustisen Mestarisoitossa 14.7.2016 <\/figcaption><\/figure>\n\n\n\n<figure class=\"wp-block-embed-youtube wp-block-embed is-type-video is-provider-youtube wp-embed-aspect-16-9 wp-has-aspect-ratio\"><div class=\"wp-block-embed__wrapper\">\n<iframe loading=\"lazy\" title=\"Heikki Lahti DDT-polkka 1989\" width=\"840\" height=\"473\" src=\"https:\/\/www.youtube.com\/embed\/qBd9O_giyIY?feature=oembed\" frameborder=\"0\" allow=\"accelerometer; autoplay; clipboard-write; encrypted-media; gyroscope; picture-in-picture\" allowfullscreen><\/iframe>\n<\/div><figcaption>Isojoki Spelit 1989<\/figcaption><\/figure>\n","protected":false},"excerpt":{"rendered":"","protected":false},"author":1,"featured_media":0,"parent":0,"menu_order":0,"comment_status":"closed","ping_status":"closed","template":"","meta":{"footnotes":""},"class_list":["post-46","page","type-page","status-publish","hentry"],"_links":{"self":[{"href":"https:\/\/pelimanni.net\/heikkilahti\/wp-json\/wp\/v2\/pages\/46","targetHints":{"allow":["GET"]}}],"collection":[{"href":"https:\/\/pelimanni.net\/heikkilahti\/wp-json\/wp\/v2\/pages"}],"about":[{"href":"https:\/\/pelimanni.net\/heikkilahti\/wp-json\/wp\/v2\/types\/page"}],"author":[{"embeddable":true,"href":"https:\/\/pelimanni.net\/heikkilahti\/wp-json\/wp\/v2\/users\/1"}],"replies":[{"embeddable":true,"href":"https:\/\/pelimanni.net\/heikkilahti\/wp-json\/wp\/v2\/comments?post=46"}],"version-history":[{"count":20,"href":"https:\/\/pelimanni.net\/heikkilahti\/wp-json\/wp\/v2\/pages\/46\/revisions"}],"predecessor-version":[{"id":345,"href":"https:\/\/pelimanni.net\/heikkilahti\/wp-json\/wp\/v2\/pages\/46\/revisions\/345"}],"wp:attachment":[{"href":"https:\/\/pelimanni.net\/heikkilahti\/wp-json\/wp\/v2\/media?parent=46"}],"curies":[{"name":"wp","href":"https:\/\/api.w.org\/{rel}","templated":true}]}}